{"id":36233,"date":"2021-01-03T11:48:16","date_gmt":"2021-01-03T10:48:16","guid":{"rendered":"https:\/\/lifewatercool.com\/news\/"},"modified":"2022-06-14T15:50:30","modified_gmt":"2022-06-14T13:50:30","slug":"news","status":"publish","type":"page","link":"https:\/\/lifewatercool.com\/en\/news\/","title":{"rendered":"News"},"content":{"rendered":"","protected":false},"excerpt":{"rendered":"","protected":false},"author":198164072,"featured_media":0,"parent":0,"menu_order":0,"comment_status":"closed","ping_status":"closed","template":"blog-gallery.php","meta":{"_acf_changed":false,"footnotes":""},"class_list":["post-36233","page","type-page","status-publish","hentry"],"acf":[],"yoast_head":"<!-- This site is optimized with the Yoast SEO plugin v27.3 - https:\/\/yoast.com\/product\/yoast-seo-wordpress\/ -->\n<title>News - LifeWaterCool<\/title>\n<meta name=\"robots\" content=\"index, follow, max-snippet:-1, max-image-preview:large, max-video-preview:-1\" \/>\n<link rel=\"canonical\" href=\"https:\/\/lifewatercool.com\/en\/news\/\" \/>\n<meta property=\"og:locale\" content=\"en_US\" \/>\n<meta property=\"og:type\" content=\"article\" \/>\n<meta property=\"og:title\" content=\"false\" \/>\n<meta property=\"og:url\" content=\"https:\/\/lifewatercool.com\/en\/news\/\" \/>\n<meta property=\"og:site_name\" content=\"LifeWaterCool\" \/>\n<meta property=\"article:publisher\" content=\"https:\/\/www.facebook.com\/lifewatercool\/\" \/>\n<meta property=\"article:modified_time\" content=\"2022-06-14T13:50:30+00:00\" \/>\n<meta name=\"twitter:card\" content=\"summary_large_image\" \/>\n<meta name=\"twitter:site\" content=\"@lifewatercool\" \/>\n<script type=\"application\/ld+json\" class=\"yoast-schema-graph\">{\"@context\":\"https:\\\/\\\/schema.org\",\"@graph\":[{\"@type\":\"WebPage\",\"@id\":\"https:\\\/\\\/lifewatercool.com\\\/en\\\/news\\\/\",\"url\":\"https:\\\/\\\/lifewatercool.com\\\/en\\\/news\\\/\",\"name\":\"News - LifeWaterCool\",\"isPartOf\":{\"@id\":\"https:\\\/\\\/lifewatercool.com\\\/en\\\/#website\"},\"datePublished\":\"2021-01-03T10:48:16+00:00\",\"dateModified\":\"2022-06-14T13:50:30+00:00\",\"breadcrumb\":{\"@id\":\"https:\\\/\\\/lifewatercool.com\\\/en\\\/news\\\/#breadcrumb\"},\"inLanguage\":\"en-US\",\"potentialAction\":[{\"@type\":\"ReadAction\",\"target\":[\"https:\\\/\\\/lifewatercool.com\\\/en\\\/news\\\/\"]}]},{\"@type\":\"BreadcrumbList\",\"@id\":\"https:\\\/\\\/lifewatercool.com\\\/en\\\/news\\\/#breadcrumb\",\"itemListElement\":[{\"@type\":\"ListItem\",\"position\":1,\"name\":\"Portada\",\"item\":\"https:\\\/\\\/lifewatercool.com\\\/en\\\/project-description\\\/\"},{\"@type\":\"ListItem\",\"position\":2,\"name\":\"News\"}]},{\"@type\":\"WebSite\",\"@id\":\"https:\\\/\\\/lifewatercool.com\\\/en\\\/#website\",\"url\":\"https:\\\/\\\/lifewatercool.com\\\/en\\\/\",\"name\":\"LifeWaterCool\",\"description\":\"Concepto sist\u00e9mico eficiente del agua para la adaptaci\u00f3n al cambio clim\u00e1tico en zonas urbanas\",\"potentialAction\":[{\"@type\":\"SearchAction\",\"target\":{\"@type\":\"EntryPoint\",\"urlTemplate\":\"https:\\\/\\\/lifewatercool.com\\\/en\\\/?s={search_term_string}\"},\"query-input\":{\"@type\":\"PropertyValueSpecification\",\"valueRequired\":true,\"valueName\":\"search_term_string\"}}],\"inLanguage\":\"en-US\"}]}<\/script>\n<!-- \/ Yoast SEO plugin. -->","yoast_head_json":{"title":"News - LifeWaterCool","robots":{"index":"index","follow":"follow","max-snippet":"max-snippet:-1","max-image-preview":"max-image-preview:large","max-video-preview":"max-video-preview:-1"},"canonical":"https:\/\/lifewatercool.com\/en\/news\/","og_locale":"en_US","og_type":"article","og_title":"false","og_url":"https:\/\/lifewatercool.com\/en\/news\/","og_site_name":"LifeWaterCool","article_publisher":"https:\/\/www.facebook.com\/lifewatercool\/","article_modified_time":"2022-06-14T13:50:30+00:00","twitter_card":"summary_large_image","twitter_site":"@lifewatercool","schema":{"@context":"https:\/\/schema.org","@graph":[{"@type":"WebPage","@id":"https:\/\/lifewatercool.com\/en\/news\/","url":"https:\/\/lifewatercool.com\/en\/news\/","name":"News - LifeWaterCool","isPartOf":{"@id":"https:\/\/lifewatercool.com\/en\/#website"},"datePublished":"2021-01-03T10:48:16+00:00","dateModified":"2022-06-14T13:50:30+00:00","breadcrumb":{"@id":"https:\/\/lifewatercool.com\/en\/news\/#breadcrumb"},"inLanguage":"en-US","potentialAction":[{"@type":"ReadAction","target":["https:\/\/lifewatercool.com\/en\/news\/"]}]},{"@type":"BreadcrumbList","@id":"https:\/\/lifewatercool.com\/en\/news\/#breadcrumb","itemListElement":[{"@type":"ListItem","position":1,"name":"Portada","item":"https:\/\/lifewatercool.com\/en\/project-description\/"},{"@type":"ListItem","position":2,"name":"News"}]},{"@type":"WebSite","@id":"https:\/\/lifewatercool.com\/en\/#website","url":"https:\/\/lifewatercool.com\/en\/","name":"LifeWaterCool","description":"Concepto sist\u00e9mico eficiente del agua para la adaptaci\u00f3n al cambio clim\u00e1tico en zonas urbanas","potentialAction":[{"@type":"SearchAction","target":{"@type":"EntryPoint","urlTemplate":"https:\/\/lifewatercool.com\/en\/?s={search_term_string}"},"query-input":{"@type":"PropertyValueSpecification","valueRequired":true,"valueName":"search_term_string"}}],"inLanguage":"en-US"}]}},"jetpack_shortlink":"https:\/\/wp.me\/Pe4A2B-9qp","jetpack_sharing_enabled":true,"_links":{"self":[{"href":"https:\/\/lifewatercool.com\/en\/wp-json\/wp\/v2\/pages\/36233","targetHints":{"allow":["GET"]}}],"collection":[{"href":"https:\/\/lifewatercool.com\/en\/wp-json\/wp\/v2\/pages"}],"about":[{"href":"https:\/\/lifewatercool.com\/en\/wp-json\/wp\/v2\/types\/page"}],"author":[{"embeddable":true,"href":"https:\/\/lifewatercool.com\/en\/wp-json\/wp\/v2\/users\/198164072"}],"replies":[{"embeddable":true,"href":"https:\/\/lifewatercool.com\/en\/wp-json\/wp\/v2\/comments?post=36233"}],"version-history":[{"count":1,"href":"https:\/\/lifewatercool.com\/en\/wp-json\/wp\/v2\/pages\/36233\/revisions"}],"predecessor-version":[{"id":36287,"href":"https:\/\/lifewatercool.com\/en\/wp-json\/wp\/v2\/pages\/36233\/revisions\/36287"}],"wp:attachment":[{"href":"https:\/\/lifewatercool.com\/en\/wp-json\/wp\/v2\/media?parent=36233"}],"curies":[{"name":"wp","href":"https:\/\/api.w.org\/{rel}","templated":true}]}}